{"id":98,"date":"2025-01-02T00:59:57","date_gmt":"2025-01-02T00:59:57","guid":{"rendered":"https:\/\/f1desk.net\/?page_id=98"},"modified":"2025-01-02T18:15:44","modified_gmt":"2025-01-02T18:15:44","slug":"quienes-somos","status":"publish","type":"page","link":"https:\/\/f1desk.net\/","title":{"rendered":"\u00bfQui\u00e9nes somos?"},"content":{"rendered":"<iframe loading=\"lazy\" width=\"560\" height=\"315\" src=\"https:\/\/www.youtube.com\/embed\/mbuuDIxuA38?si=-0gnsJ2hFgXhxzOO\" title=\"YouTube video player\" frameborder=\"0\" allow=\"accelerometer; autoplay; clipboard-write; encrypted-media; gyroscope; picture-in-picture; web-share\" referrerpolicy=\"strict-origin-when-cross-origin\" allowfullscreen><\/iframe><p class=\"has-text-align-left has-medium-font-size\">En <strong>F1DESK <\/strong>somos una empresa familiar dedicada a la distribuci\u00f3n de papeler\u00eda y botanas, comprometidos con ofrecerte los mejores productos al mejor precio posible. Desde 2002, hemos trabajado con pasi\u00f3n para ser tu aliado en oficinas, empresas, centros de copiado y tiendas de abarrotes.<\/p><p class=\"has-text-align-left has-medium-font-size\">Sabemos lo importante que es tu tiempo, por eso contamos con servicio de reparto a domicilio para que recibas todo lo que necesitas sin complicaciones. Si prefieres visitarnos, tambi\u00e9n tenemos sucursales listas para atenderte con una sonrisa y el trato que te mereces.<\/p><p class=\"has-text-align-left has-medium-font-size\">En <strong>F1DESK<\/strong>, nuestro objetivo es claro: hacerte sentir especial mientras encuentras todo lo que necesitas, siempre con calidad, cercan\u00eda y precios que cuidan tu presupuesto. \u00a1Estamos aqu\u00ed para servirte!<\/p><figure class=\"wp-block-image alignwide size-full\"><img loading=\"lazy\" decoding=\"async\" width=\"500\" height=\"500\" src=\"https:\/\/f1desk.net\/wp-content\/uploads\/2025\/01\/Black-White-Modern-Handwritten-Square-Studio-Logo-3.png\" alt=\"\" class=\"wp-image-120\" srcset=\"https:\/\/f1desk.net\/wp-content\/uploads\/2025\/01\/Black-White-Modern-Handwritten-Square-Studio-Logo-3.png 500w, https:\/\/f1desk.net\/wp-content\/uploads\/2025\/01\/Black-White-Modern-Handwritten-Square-Studio-Logo-3-420x420.png 420w, https:\/\/f1desk.net\/wp-content\/uploads\/2025\/01\/Black-White-Modern-Handwritten-Square-Studio-Logo-3-100x100.png 100w, https:\/\/f1desk.net\/wp-content\/uploads\/2025\/01\/Black-White-Modern-Handwritten-Square-Studio-Logo-3-300x300.png 300w, https:\/\/f1desk.net\/wp-content\/uploads\/2025\/01\/Black-White-Modern-Handwritten-Square-Studio-Logo-3-150x150.png 150w\" sizes=\"auto, (max-width: 500px) 100vw, 500px\" \/><\/figure><p class=\"has-text-align-left has-medium-font-size\">Nuestra <strong>misi\u00f3n <\/strong>es brindar productos de papeler\u00eda y botanas de calidad a precios competitivos, con un servicio cercano y personalizado que facilite el d\u00eda a d\u00eda de nuestros clientes, contribuyendo a su productividad y satisfacci\u00f3n.<\/p><figure class=\"wp-block-image alignwide size-full\"><img loading=\"lazy\" decoding=\"async\" width=\"500\" height=\"500\" src=\"https:\/\/f1desk.net\/wp-content\/uploads\/2025\/01\/Black-White-Modern-Handwritten-Square-Studio-Logo-8.png\" alt=\"\" class=\"wp-image-137\" srcset=\"https:\/\/f1desk.net\/wp-content\/uploads\/2025\/01\/Black-White-Modern-Handwritten-Square-Studio-Logo-8.png 500w, https:\/\/f1desk.net\/wp-content\/uploads\/2025\/01\/Black-White-Modern-Handwritten-Square-Studio-Logo-8-420x420.png 420w, https:\/\/f1desk.net\/wp-content\/uploads\/2025\/01\/Black-White-Modern-Handwritten-Square-Studio-Logo-8-100x100.png 100w, https:\/\/f1desk.net\/wp-content\/uploads\/2025\/01\/Black-White-Modern-Handwritten-Square-Studio-Logo-8-300x300.png 300w, https:\/\/f1desk.net\/wp-content\/uploads\/2025\/01\/Black-White-Modern-Handwritten-Square-Studio-Logo-8-150x150.png 150w\" sizes=\"auto, (max-width: 500px) 100vw, 500px\" \/><\/figure><p class=\"has-text-align-left has-medium-font-size\">Nuestra <strong>visi\u00f3n <\/strong>es ser la empresa l\u00edder en distribuci\u00f3n de papeler\u00eda y botanas en nuestra regi\u00f3n, reconocida por nuestra confiabilidad, atenci\u00f3n al cliente y capacidad de adaptaci\u00f3n a las necesidades del mercado, mientras fortalecemos nuestras ra\u00edces familiares.<\/p><figure class=\"wp-block-image alignwide size-full\"><img loading=\"lazy\" decoding=\"async\" width=\"500\" height=\"500\" src=\"http:\/\/f1desk.net\/wp-content\/uploads\/2025\/01\/Black-White-Modern-Handwritten-Square-Studio-Logo-11.png\" alt=\"\" class=\"wp-image-142\" srcset=\"https:\/\/f1desk.net\/wp-content\/uploads\/2025\/01\/Black-White-Modern-Handwritten-Square-Studio-Logo-11.png 500w, https:\/\/f1desk.net\/wp-content\/uploads\/2025\/01\/Black-White-Modern-Handwritten-Square-Studio-Logo-11-420x420.png 420w, https:\/\/f1desk.net\/wp-content\/uploads\/2025\/01\/Black-White-Modern-Handwritten-Square-Studio-Logo-11-100x100.png 100w, https:\/\/f1desk.net\/wp-content\/uploads\/2025\/01\/Black-White-Modern-Handwritten-Square-Studio-Logo-11-300x300.png 300w, https:\/\/f1desk.net\/wp-content\/uploads\/2025\/01\/Black-White-Modern-Handwritten-Square-Studio-Logo-11-150x150.png 150w\" sizes=\"auto, (max-width: 500px) 100vw, 500px\" \/><\/figure>","protected":false},"excerpt":{"rendered":"<p>En F1DESK somos una empresa familiar dedicada a la distribuci\u00f3n de papeler\u00eda y botanas, comprometidos con ofrecerte los mejores productos al mejor [&hellip;]<\/p>\n","protected":false},"author":1,"featured_media":183,"parent":0,"menu_order":0,"comment_status":"closed","ping_status":"closed","template":"","meta":{"footnotes":""},"class_list":["post-98","page","type-page","status-publish","has-post-thumbnail","hentry"],"jetpack_sharing_enabled":true,"_links":{"self":[{"href":"https:\/\/f1desk.net\/index.php?rest_route=\/wp\/v2\/pages\/98","targetHints":{"allow":["GET"]}}],"collection":[{"href":"https:\/\/f1desk.net\/index.php?rest_route=\/wp\/v2\/pages"}],"about":[{"href":"https:\/\/f1desk.net\/index.php?rest_route=\/wp\/v2\/types\/page"}],"author":[{"embeddable":true,"href":"https:\/\/f1desk.net\/index.php?rest_route=\/wp\/v2\/users\/1"}],"replies":[{"embeddable":true,"href":"https:\/\/f1desk.net\/index.php?rest_route=%2Fwp%2Fv2%2Fcomments&post=98"}],"version-history":[{"count":28,"href":"https:\/\/f1desk.net\/index.php?rest_route=\/wp\/v2\/pages\/98\/revisions"}],"predecessor-version":[{"id":238,"href":"https:\/\/f1desk.net\/index.php?rest_route=\/wp\/v2\/pages\/98\/revisions\/238"}],"wp:featuredmedia":[{"embeddable":true,"href":"https:\/\/f1desk.net\/index.php?rest_route=\/wp\/v2\/media\/183"}],"wp:attachment":[{"href":"https:\/\/f1desk.net\/index.php?rest_route=%2Fwp%2Fv2%2Fmedia&parent=98"}],"curies":[{"name":"wp","href":"https:\/\/api.w.org\/{rel}","templated":true}]}}