{"id":61,"date":"2025-01-02T00:51:32","date_gmt":"2025-01-02T00:51:32","guid":{"rendered":"https:\/\/f1desk.net\/?page_id=61"},"modified":"2025-01-02T18:31:05","modified_gmt":"2025-01-02T18:31:05","slug":"sucursales","status":"publish","type":"page","link":"https:\/\/f1desk.net\/?page_id=61","title":{"rendered":"Sucursales"},"content":{"rendered":"<p class=\"has-text-align-left has-medium-font-size\">En <strong>F1DESK<\/strong>, contamos con dos sucursales estrat\u00e9gicamente ubicadas para brindarte un mejor servicio y cobertura. Ya sea que necesites productos de papeler\u00eda o botanas, estamos cerca de ti.<\/p><figure class=\"wp-block-image alignwide size-full\"><img loading=\"lazy\" decoding=\"async\" width=\"500\" height=\"500\" src=\"https:\/\/f1desk.net\/wp-content\/uploads\/2025\/01\/Black-White-Modern-Handwritten-Square-Studio-Logo-13.png\" alt=\"\" class=\"wp-image-191\" srcset=\"https:\/\/f1desk.net\/wp-content\/uploads\/2025\/01\/Black-White-Modern-Handwritten-Square-Studio-Logo-13.png 500w, https:\/\/f1desk.net\/wp-content\/uploads\/2025\/01\/Black-White-Modern-Handwritten-Square-Studio-Logo-13-420x420.png 420w, https:\/\/f1desk.net\/wp-content\/uploads\/2025\/01\/Black-White-Modern-Handwritten-Square-Studio-Logo-13-100x100.png 100w, https:\/\/f1desk.net\/wp-content\/uploads\/2025\/01\/Black-White-Modern-Handwritten-Square-Studio-Logo-13-300x300.png 300w, https:\/\/f1desk.net\/wp-content\/uploads\/2025\/01\/Black-White-Modern-Handwritten-Square-Studio-Logo-13-150x150.png 150w\" sizes=\"auto, (max-width: 500px) 100vw, 500px\" \/><\/figure><p class=\"has-text-align-left has-medium-font-size\"><strong>Sucursal Izcalli \u00abColinas del Lago\u00bb<\/strong><br>Ubicada en el coraz\u00f3n de Izcalli, nuestra tienda est\u00e1 equipada para ofrecerte todo lo que necesitas para tu oficina, empresa o tienda de abarrotes. Ven y descubre nuestros productos de alta calidad a los mejores precios.<\/p><p class=\"has-text-align-center\" style=\"font-size:35px\"><a href=\"https:\/\/maps.app.goo.gl\/NeJP13hq2uxprbyW8\"><strong>Ubicaci\u00f3n Izcalli<\/strong><\/a><\/p><div style=\"height:100px\" aria-hidden=\"true\" class=\"wp-block-spacer\"><\/div><figure class=\"wp-block-image alignwide size-full\"><img loading=\"lazy\" decoding=\"async\" width=\"500\" height=\"500\" src=\"https:\/\/f1desk.net\/wp-content\/uploads\/2025\/01\/Black-White-Modern-Handwritten-Square-Studio-Logo-15.png\" alt=\"\" class=\"wp-image-194\" srcset=\"https:\/\/f1desk.net\/wp-content\/uploads\/2025\/01\/Black-White-Modern-Handwritten-Square-Studio-Logo-15.png 500w, https:\/\/f1desk.net\/wp-content\/uploads\/2025\/01\/Black-White-Modern-Handwritten-Square-Studio-Logo-15-420x420.png 420w, https:\/\/f1desk.net\/wp-content\/uploads\/2025\/01\/Black-White-Modern-Handwritten-Square-Studio-Logo-15-100x100.png 100w, https:\/\/f1desk.net\/wp-content\/uploads\/2025\/01\/Black-White-Modern-Handwritten-Square-Studio-Logo-15-300x300.png 300w, https:\/\/f1desk.net\/wp-content\/uploads\/2025\/01\/Black-White-Modern-Handwritten-Square-Studio-Logo-15-150x150.png 150w\" sizes=\"auto, (max-width: 500px) 100vw, 500px\" \/><\/figure><p class=\"has-text-align-left has-medium-font-size\"><strong>Sucursal Tultitl\u00e1n \u00abHermenegildo Galeana\u00bb<br><\/strong>En nuestra sucursal de Tultitl\u00e1n encontrar\u00e1s una amplia variedad de productos y atenci\u00f3n personalizada. Nos aseguramos de que puedas acceder f\u00e1cilmente a todos nuestros productos para satisfacer tus necesidades.<\/p><p class=\"has-text-align-center\" style=\"font-size:35px\"><a href=\"https:\/\/maps.app.goo.gl\/UgLAHcBhotUb627x8\"><strong>Ubicaci\u00f3n Tultitl\u00e1n<\/strong><\/a><\/p><div style=\"height:100px\" aria-hidden=\"true\" class=\"wp-block-spacer\"><\/div><p class=\"has-text-align-left has-medium-font-size\">Ambas sucursales est\u00e1n abiertas para ti, con personal capacitado dispuesto a ofrecerte un excelente servicio. Adem\u00e1s, si prefieres la comodidad de tu hogar u oficina, te ofrecemos <strong>reparto a domicilio<\/strong>. \u00a1Vis\u00edtanos o cont\u00e1ctanos para m\u00e1s informaci\u00f3n!<\/p>","protected":false},"excerpt":{"rendered":"<p>En F1DESK, contamos con dos sucursales estrat\u00e9gicamente ubicadas para brindarte un mejor servicio y cobertura. Ya sea que necesites productos de papeler\u00eda [&hellip;]<\/p>\n","protected":false},"author":1,"featured_media":202,"parent":0,"menu_order":0,"comment_status":"closed","ping_status":"closed","template":"","meta":{"footnotes":""},"class_list":["post-61","page","type-page","status-publish","has-post-thumbnail","hentry"],"jetpack_sharing_enabled":true,"_links":{"self":[{"href":"https:\/\/f1desk.net\/index.php?rest_route=\/wp\/v2\/pages\/61","targetHints":{"allow":["GET"]}}],"collection":[{"href":"https:\/\/f1desk.net\/index.php?rest_route=\/wp\/v2\/pages"}],"about":[{"href":"https:\/\/f1desk.net\/index.php?rest_route=\/wp\/v2\/types\/page"}],"author":[{"embeddable":true,"href":"https:\/\/f1desk.net\/index.php?rest_route=\/wp\/v2\/users\/1"}],"replies":[{"embeddable":true,"href":"https:\/\/f1desk.net\/index.php?rest_route=%2Fwp%2Fv2%2Fcomments&post=61"}],"version-history":[{"count":8,"href":"https:\/\/f1desk.net\/index.php?rest_route=\/wp\/v2\/pages\/61\/revisions"}],"predecessor-version":[{"id":249,"href":"https:\/\/f1desk.net\/index.php?rest_route=\/wp\/v2\/pages\/61\/revisions\/249"}],"wp:featuredmedia":[{"embeddable":true,"href":"https:\/\/f1desk.net\/index.php?rest_route=\/wp\/v2\/media\/202"}],"wp:attachment":[{"href":"https:\/\/f1desk.net\/index.php?rest_route=%2Fwp%2Fv2%2Fmedia&parent=61"}],"curies":[{"name":"wp","href":"https:\/\/api.w.org\/{rel}","templated":true}]}}