{"id":59,"date":"2025-01-02T00:51:32","date_gmt":"2025-01-02T00:51:32","guid":{"rendered":"https:\/\/f1desk.net\/?page_id=59"},"modified":"2025-01-02T18:27:19","modified_gmt":"2025-01-02T18:27:19","slug":"papeleria","status":"publish","type":"page","link":"https:\/\/f1desk.net\/?page_id=59","title":{"rendered":"Papeler\u00eda"},"content":{"rendered":"<p class=\"has-text-align-left has-medium-font-size\"><strong>Cat\u00e1logo centros de copiado<\/strong><\/p><div class=\"wp-block-group has-global-padding is-layout-constrained wp-block-group-is-layout-constrained\"><div style=\"position: relative; width: 100%; height: 0; padding-top: 77.4194%;\n padding-bottom: 0; box-shadow: 0 2px 8px 0 rgba(63,69,81,0.16); margin-top: 1.6em; margin-bottom: 0.9em; overflow: hidden;\n border-radius: 8px; will-change: transform;\">\n  <iframe loading=\"lazy\" style=\"position: absolute; width: 100%; height: 100%; top: 0; left: 0; border: none; padding: 0;margin: 0;\"\n    src=\"https:\/\/www.canva.com\/design\/DAGbAsmcYz0\/nAlOaSqOwQj2-9aKr6ItjQ\/view?embed\" allowfullscreen=\"allowfullscreen\" allow=\"fullscreen\">\n  <\/iframe>\n<\/div>\n<a href=\"https:&#x2F;&#x2F;www.canva.com&#x2F;design&#x2F;DAGbAsmcYz0&#x2F;nAlOaSqOwQj2-9aKr6ItjQ&#x2F;view?utm_content=DAGbAsmcYz0&amp;utm_campaign=designshare&amp;utm_medium=embeds&amp;utm_source=link\" target=\"_blank\" rel=\"noopener\">Productos<\/a> by MARA NIETO HERN\u00e1NDEZ<\/div><p class=\"has-text-align-left has-medium-font-size\"><strong>Cat\u00e1logo para oficinas<\/strong><\/p><div class=\"wp-block-group has-global-padding is-layout-constrained wp-block-group-is-layout-constrained\"><div class=\"wp-block-group has-global-padding is-layout-constrained wp-block-group-is-layout-constrained\"><div style=\"position: relative; width: 100%; height: 0; padding-top: 77.4194%;\n padding-bottom: 0; box-shadow: 0 2px 8px 0 rgba(63,69,81,0.16); margin-top: 1.6em; margin-bottom: 0.9em; overflow: hidden;\n border-radius: 8px; will-change: transform;\">\n  <iframe loading=\"lazy\" style=\"position: absolute; width: 100%; height: 100%; top: 0; left: 0; border: none; padding: 0;margin: 0;\"\n    src=\"https:\/\/www.canva.com\/design\/DAGbAnU8Pdc\/SghFTzGoNq_jrmA9_7DeXw\/view?embed\" allowfullscreen=\"allowfullscreen\" allow=\"fullscreen\">\n  <\/iframe>\n<\/div>\n<a href=\"https:&#x2F;&#x2F;www.canva.com&#x2F;design&#x2F;DAGbAnU8Pdc&#x2F;SghFTzGoNq_jrmA9_7DeXw&#x2F;view?utm_content=DAGbAnU8Pdc&amp;utm_campaign=designshare&amp;utm_medium=embeds&amp;utm_source=link\" target=\"_blank\" rel=\"noopener\">OFICINAS<\/a> by MARA NIETO HERN\u00e1NDEZ<\/div><\/div><p class=\"has-text-align-left has-medium-font-size\"><strong>Cat\u00e1logo escolares<\/strong><\/p><div class=\"wp-block-group has-global-padding is-layout-constrained wp-block-group-is-layout-constrained\"><div style=\"position: relative; width: 100%; height: 0; padding-top: 77.4194%;\n padding-bottom: 0; box-shadow: 0 2px 8px 0 rgba(63,69,81,0.16); margin-top: 1.6em; margin-bottom: 0.9em; overflow: hidden;\n border-radius: 8px; will-change: transform;\">\n  <iframe loading=\"lazy\" style=\"position: absolute; width: 100%; height: 100%; top: 0; left: 0; border: none; padding: 0;margin: 0;\"\n    src=\"https:\/\/www.canva.com\/design\/DAGbAo6a3K4\/y2ZCus68QOl_gI2BTJeVSg\/view?embed\" allowfullscreen=\"allowfullscreen\" allow=\"fullscreen\">\n  <\/iframe>\n<\/div>\n<a href=\"https:&#x2F;&#x2F;www.canva.com&#x2F;design&#x2F;DAGbAo6a3K4&#x2F;y2ZCus68QOl_gI2BTJeVSg&#x2F;view?utm_content=DAGbAo6a3K4&amp;utm_campaign=designshare&amp;utm_medium=embeds&amp;utm_source=link\" target=\"_blank\" rel=\"noopener\">Copy of OFICINAS<\/a> by MARA NIETO HERN\u00e1NDEZ<\/div>","protected":false},"excerpt":{"rendered":"<p>Cat\u00e1logo centros de copiado Productos by MARA NIETO HERN\u00e1NDEZ Cat\u00e1logo para oficinas OFICINAS by MARA NIETO HERN\u00e1NDEZ Cat\u00e1logo escolares Copy of OFICINAS [&hellip;]<\/p>\n","protected":false},"author":1,"featured_media":0,"parent":0,"menu_order":0,"comment_status":"closed","ping_status":"closed","template":"","meta":{"footnotes":""},"class_list":["post-59","page","type-page","status-publish","hentry"],"jetpack_sharing_enabled":true,"_links":{"self":[{"href":"https:\/\/f1desk.net\/index.php?rest_route=\/wp\/v2\/pages\/59","targetHints":{"allow":["GET"]}}],"collection":[{"href":"https:\/\/f1desk.net\/index.php?rest_route=\/wp\/v2\/pages"}],"about":[{"href":"https:\/\/f1desk.net\/index.php?rest_route=\/wp\/v2\/types\/page"}],"author":[{"embeddable":true,"href":"https:\/\/f1desk.net\/index.php?rest_route=\/wp\/v2\/users\/1"}],"replies":[{"embeddable":true,"href":"https:\/\/f1desk.net\/index.php?rest_route=%2Fwp%2Fv2%2Fcomments&post=59"}],"version-history":[{"count":8,"href":"https:\/\/f1desk.net\/index.php?rest_route=\/wp\/v2\/pages\/59\/revisions"}],"predecessor-version":[{"id":245,"href":"https:\/\/f1desk.net\/index.php?rest_route=\/wp\/v2\/pages\/59\/revisions\/245"}],"wp:attachment":[{"href":"https:\/\/f1desk.net\/index.php?rest_route=%2Fwp%2Fv2%2Fmedia&parent=59"}],"curies":[{"name":"wp","href":"https:\/\/api.w.org\/{rel}","templated":true}]}}