{"id":58,"date":"2025-01-02T00:51:32","date_gmt":"2025-01-02T00:51:32","guid":{"rendered":"https:\/\/f1desk.net\/?page_id=58"},"modified":"2025-01-02T18:32:07","modified_gmt":"2025-01-02T18:32:07","slug":"productos","status":"publish","type":"page","link":"https:\/\/f1desk.net\/?page_id=58","title":{"rendered":"Productos"},"content":{"rendered":"<p class=\"has-text-align-left has-medium-font-size\">En <strong>F1DESK<\/strong>, entendemos que cada espacio de trabajo necesita los elementos esenciales para funcionar de manera eficiente y c\u00f3moda. Por eso, ofrecemos una variedad de productos cuidadosamente seleccionados para satisfacer tus necesidades.<\/p><ul class=\"wp-block-list\"><li class=\"has-medium-font-size\"><strong><a href=\"https:\/\/f1desk.net\/?page_id=59\">Papeler\u00eda<\/a><\/strong>: Desde cuadernos y plumas hasta carpetas y art\u00edculos de oficina, contamos con todo lo necesario para mantenerte organizado y productivo.<\/li>\n\n<li class=\"has-medium-font-size\"><strong><a href=\"https:\/\/f1desk.net\/?page_id=60\">Botanas<\/a><\/strong>: Una selecci\u00f3n deliciosa de snacks que incluye opciones ideales para mantenerte con energ\u00eda durante el d\u00eda. Ya sea para equipar tu escritorio o para disfrutar de un antojo durante tu jornada, en <strong>F1DESK <\/strong>tenemos lo que necesitas para que tu d\u00eda sea m\u00e1s productivo y placentero.<\/li><\/ul><p><\/p>","protected":false},"excerpt":{"rendered":"<p>En F1DESK, entendemos que cada espacio de trabajo necesita los elementos esenciales para funcionar de manera eficiente y c\u00f3moda. Por eso, ofrecemos [&hellip;]<\/p>\n","protected":false},"author":1,"featured_media":201,"parent":0,"menu_order":0,"comment_status":"closed","ping_status":"closed","template":"","meta":{"footnotes":""},"class_list":["post-58","page","type-page","status-publish","has-post-thumbnail","hentry"],"jetpack_sharing_enabled":true,"_links":{"self":[{"href":"https:\/\/f1desk.net\/index.php?rest_route=\/wp\/v2\/pages\/58","targetHints":{"allow":["GET"]}}],"collection":[{"href":"https:\/\/f1desk.net\/index.php?rest_route=\/wp\/v2\/pages"}],"about":[{"href":"https:\/\/f1desk.net\/index.php?rest_route=\/wp\/v2\/types\/page"}],"author":[{"embeddable":true,"href":"https:\/\/f1desk.net\/index.php?rest_route=\/wp\/v2\/users\/1"}],"replies":[{"embeddable":true,"href":"https:\/\/f1desk.net\/index.php?rest_route=%2Fwp%2Fv2%2Fcomments&post=58"}],"version-history":[{"count":5,"href":"https:\/\/f1desk.net\/index.php?rest_route=\/wp\/v2\/pages\/58\/revisions"}],"predecessor-version":[{"id":251,"href":"https:\/\/f1desk.net\/index.php?rest_route=\/wp\/v2\/pages\/58\/revisions\/251"}],"wp:featuredmedia":[{"embeddable":true,"href":"https:\/\/f1desk.net\/index.php?rest_route=\/wp\/v2\/media\/201"}],"wp:attachment":[{"href":"https:\/\/f1desk.net\/index.php?rest_route=%2Fwp%2Fv2%2Fmedia&parent=58"}],"curies":[{"name":"wp","href":"https:\/\/api.w.org\/{rel}","templated":true}]}}