{"id":356,"date":"2025-01-02T21:57:44","date_gmt":"2025-01-02T21:57:44","guid":{"rendered":"https:\/\/f1desk.net\/?page_id=356"},"modified":"2025-03-13T03:23:12","modified_gmt":"2025-03-13T03:23:12","slug":"mercado-libre","status":"publish","type":"page","link":"https:\/\/f1desk.net\/?page_id=356","title":{"rendered":"Mercado Libre"},"content":{"rendered":"<p class=\"has-medium-font-size\">Actualmente distribuimos varios de nuestros productos a trav\u00e9s de Mercado Libre. <\/p><figure class=\"wp-block-image alignwide size-full\"><img loading=\"lazy\" decoding=\"async\" width=\"500\" height=\"500\" src=\"http:\/\/f1desk.net\/wp-content\/uploads\/2025\/01\/Black-White-Modern-Handwritten-Square-Studio-Logo-17.png\" alt=\"\" class=\"wp-image-266\" srcset=\"https:\/\/f1desk.net\/wp-content\/uploads\/2025\/01\/Black-White-Modern-Handwritten-Square-Studio-Logo-17.png 500w, https:\/\/f1desk.net\/wp-content\/uploads\/2025\/01\/Black-White-Modern-Handwritten-Square-Studio-Logo-17-420x420.png 420w, https:\/\/f1desk.net\/wp-content\/uploads\/2025\/01\/Black-White-Modern-Handwritten-Square-Studio-Logo-17-100x100.png 100w, https:\/\/f1desk.net\/wp-content\/uploads\/2025\/01\/Black-White-Modern-Handwritten-Square-Studio-Logo-17-300x300.png 300w, https:\/\/f1desk.net\/wp-content\/uploads\/2025\/01\/Black-White-Modern-Handwritten-Square-Studio-Logo-17-150x150.png 150w, https:\/\/f1desk.net\/wp-content\/uploads\/2025\/01\/Black-White-Modern-Handwritten-Square-Studio-Logo-17-230x230.png 230w, https:\/\/f1desk.net\/wp-content\/uploads\/2025\/01\/Black-White-Modern-Handwritten-Square-Studio-Logo-17-350x350.png 350w, https:\/\/f1desk.net\/wp-content\/uploads\/2025\/01\/Black-White-Modern-Handwritten-Square-Studio-Logo-17-480x480.png 480w\" sizes=\"auto, (max-width: 500px) 100vw, 500px\" \/><\/figure><p class=\"has-medium-font-size\">Aqu\u00ed puedes revisar todos los productos que tenemos a tu disposici\u00f3n. <\/p><!DOCTYPE html>\n<html lang=\"es\">\n<head>\n    <meta charset=\"UTF-8\">\n    <meta name=\"viewport\" content=\"width=device-width, initial-scale=1.0\">\n    <title>Embed Mercado Libre<\/title>\n<\/head>\n<body>\n    <iframe loading=\"lazy\" src=\"https:\/\/listado.mercadolibre.com.mx\/_CustId_1165110486?item_id=MLM1893008059&#038;category_id=MLM1684&#038;seller_id=1165110486&#038;client=recoview-selleritems&#038;recos_listing=true#origin=pdp&#038;component=sellerData&#038;typeSeller=classic\" \n        width=\"100%\" height=\"600px\" style=\"border:none;\">\n    <\/iframe>\n<\/body>\n<\/html><p class=\"has-text-align-center\" style=\"font-size:35px\"><strong><a href=\"https:\/\/listado.mercadolibre.com.mx\/_CustId_1165110486?item_id=MLM1893008059&amp;category_id=MLM1684&amp;seller_id=1165110486&amp;client=recoview-selleritems&amp;recos_listing=true#origin=pdp&amp;component=sellerData&amp;typeSeller=classic\">Perfil de Mercado Libre<\/a><\/strong><\/p><p class=\"has-medium-font-size\">Revisa nuestra reputaci\u00f3n y la opini\u00f3n de nuestros clientes. <\/p>","protected":false},"excerpt":{"rendered":"<p>Actualmente distribuimos varios de nuestros productos a trav\u00e9s de Mercado Libre. Aqu\u00ed puedes revisar todos los productos que tenemos a tu disposici\u00f3n. [&hellip;]<\/p>\n","protected":false},"author":1,"featured_media":0,"parent":0,"menu_order":0,"comment_status":"closed","ping_status":"closed","template":"","meta":{"footnotes":""},"class_list":["post-356","page","type-page","status-publish","hentry"],"jetpack_sharing_enabled":true,"_links":{"self":[{"href":"https:\/\/f1desk.net\/index.php?rest_route=\/wp\/v2\/pages\/356","targetHints":{"allow":["GET"]}}],"collection":[{"href":"https:\/\/f1desk.net\/index.php?rest_route=\/wp\/v2\/pages"}],"about":[{"href":"https:\/\/f1desk.net\/index.php?rest_route=\/wp\/v2\/types\/page"}],"author":[{"embeddable":true,"href":"https:\/\/f1desk.net\/index.php?rest_route=\/wp\/v2\/users\/1"}],"replies":[{"embeddable":true,"href":"https:\/\/f1desk.net\/index.php?rest_route=%2Fwp%2Fv2%2Fcomments&post=356"}],"version-history":[{"count":4,"href":"https:\/\/f1desk.net\/index.php?rest_route=\/wp\/v2\/pages\/356\/revisions"}],"predecessor-version":[{"id":375,"href":"https:\/\/f1desk.net\/index.php?rest_route=\/wp\/v2\/pages\/356\/revisions\/375"}],"wp:attachment":[{"href":"https:\/\/f1desk.net\/index.php?rest_route=%2Fwp%2Fv2%2Fmedia&parent=356"}],"curies":[{"name":"wp","href":"https:\/\/api.w.org\/{rel}","templated":true}]}}